{"id":416,"date":"2015-05-26T14:54:40","date_gmt":"2015-05-26T12:54:40","guid":{"rendered":"http:\/\/raccoltavestiti.humanaitalia.org\/?page_id=416"},"modified":"2015-05-26T15:13:53","modified_gmt":"2015-05-26T13:13:53","slug":"aiuto-allinfanzia","status":"publish","type":"page","link":"https:\/\/raccoltavestiti.humanaitalia.org\/en\/progetti\/aiuto-allinfanzia\/","title":{"rendered":"Aiuto all\u2019infanzia"},"content":{"rendered":"<p>I progetti di <strong>aiuto all\u2019infanzia e sviluppo comunitario di HUMANA<\/strong> sono volti a migliorare le condizioni di vita delle comunit\u00e0 locali e, in particolare, dei bambini e delle loro famiglie. Per tutelare i pi\u00f9 piccoli e offrire loro cure mediche, protezione e la possibilit\u00e0 di crescere in un ambiente sano, HUMANA ha strutturato linee di intervento per: <strong>rafforzare l\u2019economia familiare<\/strong>, assistere i bambini orfani, garantendone l\u2019istruzione <strong>e migliori condizioni igieniche<\/strong>, tutelare l\u2019ambiente e sviluppare l\u2019economia locale.<\/p>\n","protected":false},"excerpt":{"rendered":"<p>I progetti di aiuto all\u2019infanzia e sviluppo comunitario di HUMANA sono volti a migliorare le condizioni di vita delle comunit\u00e0 locali e, in particolare, dei bambini e delle loro famiglie. Per tutelare i pi\u00f9 piccoli e offrire loro cure mediche, protezione e la possibilit\u00e0 di crescere in un ambiente sano, HUMANA ha strutturato linee di [&hellip;]<\/p>\n","protected":false},"author":3,"featured_media":182,"parent":191,"menu_order":1,"comment_status":"closed","ping_status":"closed","template":"page-custom-progetti.php","meta":{"_acf_changed":false,"footnotes":""},"class_list":["post-416","page","type-page","status-publish","has-post-thumbnail","hentry"],"acf":[],"_links":{"self":[{"href":"https:\/\/raccoltavestiti.humanaitalia.org\/en\/wp-json\/wp\/v2\/pages\/416","targetHints":{"allow":["GET"]}}],"collection":[{"href":"https:\/\/raccoltavestiti.humanaitalia.org\/en\/wp-json\/wp\/v2\/pages"}],"about":[{"href":"https:\/\/raccoltavestiti.humanaitalia.org\/en\/wp-json\/wp\/v2\/types\/page"}],"author":[{"embeddable":true,"href":"https:\/\/raccoltavestiti.humanaitalia.org\/en\/wp-json\/wp\/v2\/users\/3"}],"replies":[{"embeddable":true,"href":"https:\/\/raccoltavestiti.humanaitalia.org\/en\/wp-json\/wp\/v2\/comments?post=416"}],"version-history":[{"count":3,"href":"https:\/\/raccoltavestiti.humanaitalia.org\/en\/wp-json\/wp\/v2\/pages\/416\/revisions"}],"predecessor-version":[{"id":429,"href":"https:\/\/raccoltavestiti.humanaitalia.org\/en\/wp-json\/wp\/v2\/pages\/416\/revisions\/429"}],"up":[{"embeddable":true,"href":"https:\/\/raccoltavestiti.humanaitalia.org\/en\/wp-json\/wp\/v2\/pages\/191"}],"wp:featuredmedia":[{"embeddable":true,"href":"https:\/\/raccoltavestiti.humanaitalia.org\/en\/wp-json\/wp\/v2\/media\/182"}],"wp:attachment":[{"href":"https:\/\/raccoltavestiti.humanaitalia.org\/en\/wp-json\/wp\/v2\/media?parent=416"}],"curies":[{"name":"wp","href":"https:\/\/api.w.org\/{rel}","templated":true}]}}